{"id":6,"date":"2015-09-11T20:05:36","date_gmt":"2015-09-11T20:05:36","guid":{"rendered":"http:\/\/localhost:81\/wordpress2\/?page_id=6"},"modified":"2024-06-26T07:55:51","modified_gmt":"2024-06-26T07:55:51","slug":"planos","status":"publish","type":"page","link":"https:\/\/www.mformulamail.com\/pb\/planos\/","title":{"rendered":"Planos"},"content":{"rendered":"<p><\/p>\n<div><img loading=\"lazy\" decoding=\"async\" class=\"alignnone size-medium\" src=\"https:\/\/www.mformula.net\/files\/800x250_page_emailmarketing.png\" width=\"800\" height=\"250\" \/><\/div>\n<div><\/div>\n<div><\/div>\n<table border=\"0\" cellspacing=\"10\" cellpadding=\"10\" align=\"center\">\n<tbody>\n<tr>\n<td>\n<p style=\"text-align: center;\"><style> \/* simple flat #68 *\/#ptp-68{border-color:#ddd;padding:0;margin-left:0;margin-right:0}#ptp-68 div.ptp-item-container{border-radius:10px}#ptp-68 div.ptp-item-container div{margin:0}#ptp-68 .ptp-highlight div.ptp-item-container{border-color:#ddd}#ptp-68 div.ptp-plan{border-top-right-radius:10px;border-top-left-radius:10px;font-size:1em;border-color:#ddd;background-color:#ddd;color:#333;padding:.9375em 1.25em}#ptp-68 div.ptp-plan .has-tip{border-bottom:dotted 1px #333;color:#333}#ptp-68 .ptp-highlight div.ptp-plan{border-color:#ddd;background-color:#ddd;color:#333}#ptp-68 .ptp-highlight div.ptp-plan .has-tip{border-bottom:dotted 1px #333;color:#333}#ptp-68 div.ptp-price{font-size:1.25em;background-color:#eee;color:#333;padding:.9375em 1.25em}#ptp-68 div.ptp-price .has-tip{border-bottom:dotted 1px #333;color:#333}#ptp-68 .ptp-highlight div.ptp-price{background-color:#eee;color:#333}#ptp-68 .ptp-highlight div.ptp-price .has-tip{border-bottom:dotted 1px #333;color:#333}#ptp-68 div.ptp-cta{border-bottom-right-radius:10px;border-bottom-left-radius:10px;background-color:#eee;padding-top:1.25em;padding-bottom:1.25em}#ptp-68 .ptp-highlight div.ptp-cta{background-color:#eee}#ptp-68 a.ptp-button{border-radius:10px;font-size:1em;color:#fff;background-color:#3498db;border-bottom:#2980b9 4px solid;margin:0}#ptp-68 a.ptp-button .has-tip,#ptp-68 a.ptp-button:hover .has-tip{border-bottom:dotted 1px #fff;color:#fff}#ptp-68 a.ptp-button:hover{background-color:#2980b9}#ptp-68 div.ptp-bullet-item{color:#333;background-color:#fff;font-size:.875em;border-color:#ddd;padding:.9375em .5em .9375em .5em}#ptp-68 .ptp-highlight .ptp-bullet-item{color:#333;border-color:#ddd;background-color:#fff}#ptp-68 .ptp-highlight a.ptp-button{color:#fff;background-color:#e74c3c;border-bottom:#c0392b 4px solid}#ptp-68 .ptp-highlight a.ptp-button:hover{background-color:#c0392b}#ptp-68 .ptp-highlight a.ptp-button .has-tip{border-bottom:dotted 1px #fff;color:#fff}#ptp-68 div.ptp-most-popular{border-radius:10px;font-size:.9em;background-color:#7f8c8d;color:#fff;border:1px solid #7f8c8d}#ptp-68.ptp-pricing-table{margin-top:30px}#ptp-68 div.ptp-item-container{margin:0}#ptp-68.ptp-pricing-table .ptp-col{-moz-transition:all 0.2s linear;-ms-transition:all 0.2s linear;-o-transition:all 0.2s linear;-webkit-transition:all 0.2s linear;transition:all 0.2s linear;margin-bottom:30px}#ptp-68.ptp-pricing-table .ptp-col:hover{margin-top:-20px!important;margin-bottom:10px}#ptp-68.ptp-pricing-table .ptp-col .ptp-cta{-moz-transition:all 0.2s linear;-ms-transition:all 0.2s linear;-o-transition:all 0.2s linear;-webkit-transition:all 0.2s linear;transition:all 0.2s linear}#ptp-68.ptp-pricing-table .ptp-col:hover .ptp-cta{padding-top:40px !important;padding-bottom:40px !important}\/* end of simple flat #68 *\/<\/style>        <script type=\"text\/javascript\">\n         jQuery(document).ready(function($) {\n            jQuery.call_match_height_68 = function call_match_height_design1(ptp_id) {\n                                $( ptp_id+' .ptp-plan' ).matchHeight(false); \n                                $( ptp_id+' .ptp-cta' ).matchHeight(false); \n                                $( ptp_id+' .ptp-price' ).matchHeight(false);\n                                $( ptp_id+' .ptp-button' ).matchHeight(false);\n\n                                $( ptp_id+' .ptp-bullet-item' ).each(function( index ){\n                                    $( ptp_id+' .ptp-row-id-'+index ).matchHeight(false);\n             \n                                });  \n                         }\n            var ptp_id = '#ptp-'+68 ;\n            $.call_match_height_68 ( ptp_id );              \n         });\n      <\/script>\n      \n        <div id=\"ptp-68\" class=\"ptp-pricing-table\" ><div class=\"ptp-col ptp-six-col  ptp-col-id-0 dh-ptp-col-id-0\"><div class=\"ptp-not-most-popular\">&nbsp;<\/div><div class=\"ptp-item-container\"><div class=\"ptp-plan\">Free<\/div><div class=\"ptp-price\">R$ 0,00 \/ m\u00eas<\/div><div class=\"ptp-bullet-item ptp-row-id-0\"><strong>5.000<\/strong> envios\r<\/div><div class=\"ptp-bullet-item ptp-row-id-1\"><strong>Setup Gr\u00e1tis<\/strong>\r<\/div><div class=\"ptp-bullet-item ptp-row-id-2\"><strong>Suporte t\u00e9cnico gratuito<\/strong><\/div><div class=\"ptp-cta\"><a class=\"ptp-button ptp-checkout-button\" id=\"ptp-68-cta-0\"  href=\"https:\/\/app.mformulamail.com\/subscriptions\/register\/58bd48f91fcab\" >Contratar<\/a><\/div><\/div><\/div><div class=\"ptp-col ptp-six-col  ptp-col-id-1 dh-ptp-col-id-1\"><div class=\"ptp-not-most-popular\">&nbsp;<\/div><div class=\"ptp-item-container\"><div class=\"ptp-plan\">Plan A<\/div><div class=\"ptp-price\">R$ 20,00 \/ m\u00eas<\/div><div class=\"ptp-bullet-item ptp-row-id-0\"><strong>25.000<\/strong> envios por m\u00eas\r<\/div><div class=\"ptp-bullet-item ptp-row-id-1\"><strong>Setup Gr\u00e1tis<\/strong>\r<\/div><div class=\"ptp-bullet-item ptp-row-id-2\"><strong>Suporte t\u00e9cnico gratuito<\/strong><\/div><div class=\"ptp-cta\"><a class=\"ptp-button ptp-checkout-button\" id=\"ptp-68-cta-1\"  href=\"https:\/\/app.mformulamail.com\/subscriptions\/register\/58bd48f92088f\" >Contratar<\/a><\/div><\/div><\/div><div class=\"ptp-col ptp-six-col  ptp-col-id-2 dh-ptp-col-id-2\"><div class=\"ptp-not-most-popular\">&nbsp;<\/div><div class=\"ptp-item-container\"><div class=\"ptp-plan\">Plan B<\/div><div class=\"ptp-price\">R$ 40,00 \/ m\u00eas<\/div><div class=\"ptp-bullet-item ptp-row-id-0\"><strong>70.000<\/strong> envios por m\u00eas\r<\/div><div class=\"ptp-bullet-item ptp-row-id-1\"><strong>Setup Gr\u00e1tis<\/strong>\r<\/div><div class=\"ptp-bullet-item ptp-row-id-2\"><strong>Suporte t\u00e9cnico gratuito<\/strong><\/div><div class=\"ptp-cta\"><a class=\"ptp-button ptp-checkout-button\" id=\"ptp-68-cta-2\"  href=\"https:\/\/app.mformulamail.com\/subscriptions\/register\/58bd4b4d0d4c3\" >Contratar<\/a><\/div><\/div><\/div><div class=\"ptp-col ptp-six-col ptp-highlight ptp-col-id-3 dh-ptp-col-id-3\"><div class=\"ptp-most-popular\">Most Popular<\/div><div class=\"ptp-item-container\"><div class=\"ptp-plan\">Plan C<\/div><div class=\"ptp-price\">R$ 80,00 \/ m\u00eas<\/div><div class=\"ptp-bullet-item ptp-row-id-0\"><strong>105.000<\/strong> envios por m\u00eas\r<\/div><div class=\"ptp-bullet-item ptp-row-id-1\"><strong>Setup Gr\u00e1tis<\/strong>\r<\/div><div class=\"ptp-bullet-item ptp-row-id-2\"><strong>Suporte t\u00e9cnico gratuito<\/strong><\/div><div class=\"ptp-cta\"><a class=\"ptp-button ptp-checkout-button\" id=\"ptp-68-cta-3\"  href=\"https:\/\/app.mformulamail.com\/subscriptions\/register\/5efcebc75c9fd\" >Contratar<\/a><\/div><\/div><\/div><div class=\"ptp-col ptp-six-col  ptp-col-id-4 dh-ptp-col-id-4\"><div class=\"ptp-not-most-popular\">&nbsp;<\/div><div class=\"ptp-item-container\"><div class=\"ptp-plan\">Plan D<\/div><div class=\"ptp-price\">R$ 150,00 \/ m\u00eas<\/div><div class=\"ptp-bullet-item ptp-row-id-0\"><strong>220.000<\/strong> envios por m\u00eas\r<\/div><div class=\"ptp-bullet-item ptp-row-id-1\"><strong>Setup Gr\u00e1tis<\/strong>\r<\/div><div class=\"ptp-bullet-item ptp-row-id-2\"><strong>Suporte t\u00e9cnico gratuito<\/strong><\/div><div class=\"ptp-cta\"><a class=\"ptp-button ptp-checkout-button\" id=\"ptp-68-cta-4\"  href=\"https:\/\/app.mformulamail.com\/subscriptions\/register\/5efcec412d269\" >Contratar<\/a><\/div><\/div><\/div><div class=\"ptp-col ptp-six-col  ptp-col-id-5 dh-ptp-col-id-5\"><div class=\"ptp-not-most-popular\">&nbsp;<\/div><div class=\"ptp-item-container\"><div class=\"ptp-plan\">Plan E<\/div><div class=\"ptp-price\">R$ 440,00 \/ m\u00eas<\/div><div class=\"ptp-bullet-item ptp-row-id-0\"><strong>370.000<\/strong> envios por m\u00eas\r<\/div><div class=\"ptp-bullet-item ptp-row-id-1\"><strong>Setup Gr\u00e1tis<\/strong>\r<\/div><div class=\"ptp-bullet-item ptp-row-id-2\"><strong>Suporte t\u00e9cnico gratuito<\/strong><\/div><div class=\"ptp-cta\"><a class=\"ptp-button ptp-checkout-button\" id=\"ptp-68-cta-5\"  href=\"https:\/\/app.mformulamail.com\/subscriptions\/register\/5efcec913caae\" >Contratar<\/a><\/div><\/div><\/div><\/div><\/p>\n<\/td>\n<\/tr>\n<\/tbody>\n<\/table>\n<p>&nbsp;<\/p>\n<p><strong>Recursos do Sistema<\/strong><br \/>\n<img decoding=\"async\" style=\"vertical-align: middle;\" src=\"..\/wp-content\/uploads\/icon_ok.png\" alt=\"\" \/> Gerenciar Newsletters<br \/>\n<img decoding=\"async\" style=\"vertical-align: middle;\" src=\"..\/wp-content\/uploads\/icon_ok.png\" alt=\"\" \/> Agendamento de envios<br \/>\n<img decoding=\"async\" style=\"vertical-align: middle;\" src=\"..\/wp-content\/uploads\/icon_ok.png\" alt=\"\" \/> Hist\u00f3rico de Newsletters<br \/>\n<img decoding=\"async\" style=\"vertical-align: middle;\" src=\"..\/wp-content\/uploads\/icon_ok.png\" alt=\"\" \/> Gerenciar Autorespostas<br \/>\n<img decoding=\"async\" style=\"vertical-align: middle;\" src=\"..\/wp-content\/uploads\/icon_ok.png\" alt=\"\" \/> Gerenciar Contador de Cliques e Visualiza\u00e7\u00f5es<br \/>\n<img decoding=\"async\" style=\"vertical-align: middle;\" src=\"..\/wp-content\/uploads\/icon_ok.png\" alt=\"\" \/> Administrar Anexos<br \/>\n<img decoding=\"async\" style=\"vertical-align: middle;\" src=\"..\/wp-content\/uploads\/icon_ok.png\" alt=\"\" \/> Gerenciar Templates<br \/>\n<img decoding=\"async\" style=\"vertical-align: middle;\" src=\"..\/wp-content\/uploads\/icon_ok.png\" alt=\"\" \/> Estat\u00edsticas Gerais Completo<br \/>\n<img decoding=\"async\" style=\"vertical-align: middle;\" src=\"..\/wp-content\/uploads\/icon_ok.png\" alt=\"\" \/> Gerenciar e-mails<br \/>\n<img decoding=\"async\" style=\"vertical-align: middle;\" src=\"..\/wp-content\/uploads\/icon_ok.png\" alt=\"\" \/> Importar e Exportar e-mails<br \/>\n<img decoding=\"async\" style=\"vertical-align: middle;\" src=\"..\/wp-content\/uploads\/icon_ok.png\" alt=\"\" \/> E-mails que retornam com erros s\u00e3o desativados automaticamente<br \/>\n<img decoding=\"async\" style=\"vertical-align: middle;\" src=\"..\/wp-content\/uploads\/icon_ok.png\" alt=\"\" \/> Gerenciar Listas por Grupos<br \/>\n<img decoding=\"async\" style=\"vertical-align: middle;\" src=\"..\/wp-content\/uploads\/icon_ok.png\" alt=\"\" \/> Gerenciar Listas por Objetivo<br \/>\n<img decoding=\"async\" style=\"vertical-align: middle;\" src=\"..\/wp-content\/uploads\/icon_ok.png\" alt=\"\" \/> Gerenciar Formul\u00e1rios<br \/>\n<img decoding=\"async\" style=\"vertical-align: middle;\" src=\"..\/wp-content\/uploads\/icon_ok.png\" alt=\"\" \/> Gerenciar Padr\u00f5es<br \/>\n<img decoding=\"async\" style=\"vertical-align: middle;\" src=\"..\/wp-content\/uploads\/icon_ok.png\" alt=\"\" \/> Editor HTML WYSIWYG<\/p>\n<p>&nbsp;<\/p>\n<p><strong>Servi\u00e7os adicionais<\/strong><br \/>\nCria\u00e7\u00e3o do Design da Campanha de Email Marketing \/ 1 por M\u00eas R$ 260,00<br \/>\nCria\u00e7\u00e3o do Design da Campanha de Email Marketing \/ 2 por M\u00eas R$ 468,00<br \/>\nCria\u00e7\u00e3o do Design da Campanha de Email Marketing \/ 4 por M\u00eas R$ 663,00<\/p>\n<p>&nbsp;<\/p>\n<p>Aten\u00e7\u00e3o: \u00c9 proibido o envio de SPAM em nossos servidores. A utiliza\u00e7\u00e3o desta pr\u00e1tica implicar\u00e1 no cancelamento do servi\u00e7o. N\u00e3o vendemos listas de e-mails.<\/p>","protected":false},"excerpt":{"rendered":"<p>&nbsp; Recursos do Sistema Gerenciar Newsletters Agendamento de envios Hist\u00f3rico de Newsletters Gerenciar Autorespostas Gerenciar Contador de Cliques e Visualiza\u00e7\u00f5es Administrar Anexos Gerenciar Templates Estat\u00edsticas Gerais Completo Gerenciar e-mails Importar e Exportar e-mails E-mails que retornam com erros s\u00e3o desativados automaticamente Gerenciar Listas por Grupos Gerenciar Listas por Objetivo Gerenciar Formul\u00e1rios Gerenciar Padr\u00f5es Editor HTML [&hellip;]<\/p>\n","protected":false},"author":1,"featured_media":0,"parent":0,"menu_order":3,"comment_status":"closed","ping_status":"closed","template":"","meta":{"footnotes":""},"class_list":["post-6","page","type-page","status-publish","hentry"],"aioseo_notices":[],"amp_enabled":true,"_links":{"self":[{"href":"https:\/\/www.mformulamail.com\/pb\/wp-json\/wp\/v2\/pages\/6","targetHints":{"allow":["GET"]}}],"collection":[{"href":"https:\/\/www.mformulamail.com\/pb\/wp-json\/wp\/v2\/pages"}],"about":[{"href":"https:\/\/www.mformulamail.com\/pb\/wp-json\/wp\/v2\/types\/page"}],"author":[{"embeddable":true,"href":"https:\/\/www.mformulamail.com\/pb\/wp-json\/wp\/v2\/users\/1"}],"replies":[{"embeddable":true,"href":"https:\/\/www.mformulamail.com\/pb\/wp-json\/wp\/v2\/comments?post=6"}],"version-history":[{"count":45,"href":"https:\/\/www.mformulamail.com\/pb\/wp-json\/wp\/v2\/pages\/6\/revisions"}],"predecessor-version":[{"id":217,"href":"https:\/\/www.mformulamail.com\/pb\/wp-json\/wp\/v2\/pages\/6\/revisions\/217"}],"wp:attachment":[{"href":"https:\/\/www.mformulamail.com\/pb\/wp-json\/wp\/v2\/media?parent=6"}],"curies":[{"name":"wp","href":"https:\/\/api.w.org\/{rel}","templated":true}]}}