{"id":42,"date":"2015-09-12T16:09:20","date_gmt":"2015-09-12T16:09:20","guid":{"rendered":"http:\/\/localhost:81\/wordpress2\/?page_id=42"},"modified":"2019-12-23T21:47:11","modified_gmt":"2019-12-23T21:47:11","slug":"empresa","status":"publish","type":"page","link":"https:\/\/www.mformulamail.com\/pb\/empresa\/","title":{"rendered":"Empresa"},"content":{"rendered":"<p>Com experi\u00eancia profissional neste mercado desde 1997, inicia sua atividade no ano de 2005\/2006, tendo como filosofia de trabalho produzir com grandes resultados, fornecer o melhor custo benef\u00edcio, expressar o perfil do cliente, atingir objetivos mercadol\u00f3gicos e valorizar o seu cliente, parceiros e fornecedores.<\/p>\n<p>An\u00e1lises de mercado, desafios e solu\u00e7\u00f5es inovadoras s\u00e3o alguns dos instrumentos usados para buscar o melhor resultado para os nossos clientes.<\/p>\n<p><strong>Miss\u00e3o<\/strong><\/p>\n<p>Proporcionar solu\u00e7\u00f5es focadas em resultados utilizando tecnologia, conhecimento, estrat\u00e9gia e relacionamento sem agredir sua cultura, costumes e colaboradores.<br \/>\nValorizar seus funcion\u00e1rios , clientes e fornecedores.<br \/>\nConcentrar esfor\u00e7os em buscar o que a de novidade, em rela\u00e7\u00e3o a tend\u00eancias da tecnologia, no mercado nacional e internacional.<\/p>\n<p><strong>Vis\u00e3o<\/strong><\/p>\n<p>Investir no desenvolvimento no trabalho e estrat\u00e9gia para alcan\u00e7ar o sucesso da nossa organiza\u00e7\u00e3o.<br \/>\nSer refer\u00eancia mundial em qualidade, atendimento e tecnologia.<br \/>\nSer reconhecia como empresa inovadora.<br \/>\nSer a melhor em seus produtos e servi\u00e7os que atendam ou excedam as expectativas dos clientes.<\/p>\n<p><strong>Vis\u00e3o de futuro<\/strong><\/p>\n<p>Sustentabilidade &#8211; Qualidade, inova\u00e7\u00e3o e resultado<br \/>\nQualidade &#8211; Em produtos e servi\u00e7os<br \/>\nInova\u00e7\u00e3o &#8211; Em produtos, processos e gest\u00e3o<br \/>\nResultado &#8211; garantir a expans\u00e3o e perenidade<\/p>\n<p><strong>Valores<\/strong><\/p>\n<p>Pessoas<br \/>\nRespeito, disciplina, organiza\u00e7\u00e3o, \u00e9tica e transpar\u00eancia<br \/>\nCompet\u00eancia<br \/>\nRelacionamentos<br \/>\nResponsabilidade s\u00f3cio-ambiental<br \/>\nInova\u00e7\u00e3o e excel\u00eancia<br \/>\nResultados<br \/>\nPaix\u00e3o\/Amor\/Paz<br \/>\nQualidade<\/p>\n<p><strong>Diferenciais<\/strong><\/p>\n<p>Atendimento<br \/>\nQualidade<br \/>\nTecnologia e Inova\u00e7\u00e3o<br \/>\nConhecimento e Experi\u00eancia<br \/>\nResultado em primeiro lugar<br \/>\nSuporte e P\u00f3s-venda<\/p>","protected":false},"excerpt":{"rendered":"<p>Com experi\u00eancia profissional neste mercado desde 1997, inicia sua atividade no ano de 2005\/2006, tendo como filosofia de trabalho produzir com grandes resultados, fornecer o melhor custo benef\u00edcio, expressar o perfil do cliente, atingir objetivos mercadol\u00f3gicos e valorizar o seu cliente, parceiros e fornecedores. An\u00e1lises de mercado, desafios e solu\u00e7\u00f5es inovadoras s\u00e3o alguns dos instrumentos [&hellip;]<\/p>\n","protected":false},"author":1,"featured_media":0,"parent":0,"menu_order":1,"comment_status":"closed","ping_status":"closed","template":"","meta":{"footnotes":""},"class_list":["post-42","page","type-page","status-publish","hentry"],"aioseo_notices":[],"amp_enabled":true,"_links":{"self":[{"href":"https:\/\/www.mformulamail.com\/pb\/wp-json\/wp\/v2\/pages\/42","targetHints":{"allow":["GET"]}}],"collection":[{"href":"https:\/\/www.mformulamail.com\/pb\/wp-json\/wp\/v2\/pages"}],"about":[{"href":"https:\/\/www.mformulamail.com\/pb\/wp-json\/wp\/v2\/types\/page"}],"author":[{"embeddable":true,"href":"https:\/\/www.mformulamail.com\/pb\/wp-json\/wp\/v2\/users\/1"}],"replies":[{"embeddable":true,"href":"https:\/\/www.mformulamail.com\/pb\/wp-json\/wp\/v2\/comments?post=42"}],"version-history":[{"count":7,"href":"https:\/\/www.mformulamail.com\/pb\/wp-json\/wp\/v2\/pages\/42\/revisions"}],"predecessor-version":[{"id":172,"href":"https:\/\/www.mformulamail.com\/pb\/wp-json\/wp\/v2\/pages\/42\/revisions\/172"}],"wp:attachment":[{"href":"https:\/\/www.mformulamail.com\/pb\/wp-json\/wp\/v2\/media?parent=42"}],"curies":[{"name":"wp","href":"https:\/\/api.w.org\/{rel}","templated":true}]}}