{"id":42,"date":"2015-09-12T16:09:20","date_gmt":"2015-09-12T16:09:20","guid":{"rendered":"http:\/\/localhost:81\/wordpress2\/?page_id=42"},"modified":"2019-12-23T21:47:11","modified_gmt":"2019-12-23T21:47:11","slug":"empresa","status":"publish","type":"page","link":"https:\/\/www.mformulamail.com\/fr\/empresa\/","title":{"rendered":"Soci\u00e9t\u00e9"},"content":{"rendered":"<p>Fort de son exp\u00e9rience professionnelle sur ce march\u00e9 depuis 1997, il a d\u00e9but\u00e9 son activit\u00e9 en 2005\/2006, s\u2019appuyant sur une philosophie de travail visant \u00e0 produire avec d\u2019excellents r\u00e9sultats, \u00e0 fournir le meilleur rapport qualit\u00e9-prix, \u00e0 exprimer le profil du client, \u00e0 atteindre les objectifs du march\u00e9 et \u00e0 valoriser son client et ses partenaires. et des fournisseurs.<\/p>\n<p>Analyse du march\u00e9, d\u00e9fis et solutions innovantes sont quelques-uns des instruments utilis\u00e9s pour rechercher le meilleur r\u00e9sultat pour nos clients.<\/p>\n<p><strong> Mission <\/ strong><\/p>\n<p>Fournir des solutions ax\u00e9es sur les r\u00e9sultats en utilisant la technologie, les connaissances, la strat\u00e9gie et les relations sans nuire \u00e0 leur culture, \u00e0 leurs coutumes et \u00e0 leurs employ\u00e9s.<br \/>\nValorisez vos employ\u00e9s, clients et fournisseurs.<br \/>\nConcentrez vos efforts sur la recherche de la nouveaut\u00e9 par rapport aux tendances technologiques sur les march\u00e9s national et international.<\/p>\n<p><strong> Vision <\/ strong><\/p>\n<p>Investissez dans le d\u00e9veloppement du travail et de la strat\u00e9gie pour r\u00e9ussir le succ\u00e8s de notre organisation.<br \/>\n\u00catre une r\u00e9f\u00e9rence mondiale en mati\u00e8re de qualit\u00e9, de service et de technologie.<br \/>\n\u00catre reconnu comme une entreprise innovante.<br \/>\nSoyez le meilleur de vos produits et services qui r\u00e9pondent aux attentes des clients ou les d\u00e9passent.<\/p>\n<p><strong> Vision du futur <\/ strong><\/p>\n<p>Durabilit\u00e9 &#8211; Qualit\u00e9, innovation et r\u00e9sultats<br \/>\nQualit\u00e9 &#8211; Dans les produits et services<br \/>\nInnovation &#8211; dans les produits, les processus et la gestion<br \/>\nR\u00e9sultat &#8211; assurer l&rsquo;expansion et la durabilit\u00e9<\/p>\n<p><strong> Valeurs <\/ strong><\/p>\n<p>Les gens<br \/>\nRespect, discipline, organisation, \u00e9thique et transparence<br \/>\nRecherches connexes<br \/>\nLes relations<br \/>\nResponsabilit\u00e9 sociale et environnementale<br \/>\nInnovation et excellence<br \/>\nLes r\u00e9sultats<br \/>\nPassion \/ Amour \/ Paix<br \/>\n\u00c0 propos de nous<\/p>\n<p><strong> Diff\u00e9rentiels <\/ strong><\/p>\n<p>Service client<br \/>\n\u00c0 propos de nous<br \/>\nTechnologie et innovation<br \/>\nConnaissance et exp\u00e9rience<br \/>\nR\u00e9sultat premier<br \/>\nSupport et apr\u00e8s-vente<\/p>","protected":false},"excerpt":{"rendered":"<p>Fort de son exp\u00e9rience professionnelle sur ce march\u00e9 depuis 1997, il a d\u00e9but\u00e9 son activit\u00e9 en 2005\/2006, s\u2019appuyant sur une philosophie de travail visant \u00e0 produire avec d\u2019excellents r\u00e9sultats, \u00e0 fournir le meilleur rapport qualit\u00e9-prix, \u00e0 exprimer le profil du client, \u00e0 atteindre les objectifs du march\u00e9 et \u00e0 valoriser son client et ses partenaires. [&hellip;]<\/p>\n","protected":false},"author":1,"featured_media":0,"parent":0,"menu_order":1,"comment_status":"closed","ping_status":"closed","template":"","meta":{"footnotes":""},"class_list":["post-42","page","type-page","status-publish","hentry"],"aioseo_notices":[],"amp_enabled":true,"_links":{"self":[{"href":"https:\/\/www.mformulamail.com\/fr\/wp-json\/wp\/v2\/pages\/42","targetHints":{"allow":["GET"]}}],"collection":[{"href":"https:\/\/www.mformulamail.com\/fr\/wp-json\/wp\/v2\/pages"}],"about":[{"href":"https:\/\/www.mformulamail.com\/fr\/wp-json\/wp\/v2\/types\/page"}],"author":[{"embeddable":true,"href":"https:\/\/www.mformulamail.com\/fr\/wp-json\/wp\/v2\/users\/1"}],"replies":[{"embeddable":true,"href":"https:\/\/www.mformulamail.com\/fr\/wp-json\/wp\/v2\/comments?post=42"}],"version-history":[{"count":7,"href":"https:\/\/www.mformulamail.com\/fr\/wp-json\/wp\/v2\/pages\/42\/revisions"}],"predecessor-version":[{"id":172,"href":"https:\/\/www.mformulamail.com\/fr\/wp-json\/wp\/v2\/pages\/42\/revisions\/172"}],"wp:attachment":[{"href":"https:\/\/www.mformulamail.com\/fr\/wp-json\/wp\/v2\/media?parent=42"}],"curies":[{"name":"wp","href":"https:\/\/api.w.org\/{rel}","templated":true}]}}