{"id":6,"date":"2015-09-11T20:05:36","date_gmt":"2015-09-11T20:05:36","guid":{"rendered":"http:\/\/localhost:81\/wordpress2\/?page_id=6"},"modified":"2024-06-26T07:55:51","modified_gmt":"2024-06-26T07:55:51","slug":"planos","status":"publish","type":"page","link":"https:\/\/www.mformulamail.com\/es\/planos\/","title":{"rendered":"Planes"},"content":{"rendered":"<p><\/p>\n<div><img loading=\"lazy\" decoding=\"async\" class=\"alignnone size-medium\" src=\"https:\/\/www.mformula.net\/files\/800x250_page_emailmarketing.png\" width=\"800\" height=\"250\" \/><\/div>\n<div><\/div>\n<div><\/div>\n<div><\/div>\n<table border=\"0\" cellspacing=\"10\" cellpadding=\"10\" align=\"center\">\n<tbody>\n<tr>\n<td>\n<p style=\"text-align: center;\"><style> \/* simple flat #75 *\/#ptp-75{border-color:#ddd;padding:0;margin-left:0;margin-right:0}#ptp-75 div.ptp-item-container{border-radius:5px}#ptp-75 div.ptp-item-container div{margin:0}#ptp-75 .ptp-highlight div.ptp-item-container{border-color:#ddd}#ptp-75 div.ptp-plan{border-top-right-radius:5px;border-top-left-radius:5px;font-size:1em;border-color:#ddd;background-color:#ddd;color:#333;padding:.9375em 1.25em}#ptp-75 div.ptp-plan .has-tip{border-bottom:dotted 1px #333;color:#333}#ptp-75 .ptp-highlight div.ptp-plan{border-color:#ddd;background-color:#ddd;color:#333}#ptp-75 .ptp-highlight div.ptp-plan .has-tip{border-bottom:dotted 1px #333;color:#333}#ptp-75 div.ptp-price{font-size:1.25em;background-color:#eee;color:#333;padding:.9375em 1.25em}#ptp-75 div.ptp-price .has-tip{border-bottom:dotted 1px #333;color:#333}#ptp-75 .ptp-highlight div.ptp-price{background-color:#eee;color:#333}#ptp-75 .ptp-highlight div.ptp-price .has-tip{border-bottom:dotted 1px #333;color:#333}#ptp-75 div.ptp-cta{border-bottom-right-radius:5px;border-bottom-left-radius:5px;background-color:#eee;padding-top:1.25em;padding-bottom:1.25em}#ptp-75 .ptp-highlight div.ptp-cta{background-color:#eee}#ptp-75 a.ptp-button{border-radius:5px;font-size:1em;color:#fff;background-color:#3498db;border-bottom:#2980b9 4px solid;margin:0}#ptp-75 a.ptp-button .has-tip,#ptp-75 a.ptp-button:hover .has-tip{border-bottom:dotted 1px #fff;color:#fff}#ptp-75 a.ptp-button:hover{background-color:#2980b9}#ptp-75 div.ptp-bullet-item{color:#333;background-color:#fff;font-size:.875em;border-color:#ddd;padding:.9375em .5em .9375em .5em}#ptp-75 .ptp-highlight .ptp-bullet-item{color:#333;border-color:#ddd;background-color:#fff}#ptp-75 .ptp-highlight a.ptp-button{color:#fff;background-color:#e74c3c;border-bottom:#c0392b 4px solid}#ptp-75 .ptp-highlight a.ptp-button:hover{background-color:#c0392b}#ptp-75 .ptp-highlight a.ptp-button .has-tip{border-bottom:dotted 1px #fff;color:#fff}#ptp-75 div.ptp-most-popular{border-radius:5px;font-size:.9em;background-color:#7f8c8d;color:#fff;border:1px solid #7f8c8d}#ptp-75.ptp-pricing-table{margin-top:30px}#ptp-75 div.ptp-item-container{margin:0}#ptp-75.ptp-pricing-table .ptp-col{-moz-transition:all 0.2s linear;-ms-transition:all 0.2s linear;-o-transition:all 0.2s linear;-webkit-transition:all 0.2s linear;transition:all 0.2s linear;margin-bottom:30px}#ptp-75.ptp-pricing-table .ptp-col:hover{margin-top:-20px!important;margin-bottom:10px}#ptp-75.ptp-pricing-table .ptp-col .ptp-cta{-moz-transition:all 0.2s linear;-ms-transition:all 0.2s linear;-o-transition:all 0.2s linear;-webkit-transition:all 0.2s linear;transition:all 0.2s linear}#ptp-75.ptp-pricing-table .ptp-col:hover .ptp-cta{padding-top:40px !important;padding-bottom:40px !important}\/* end of simple flat #75 *\/<\/style>        <script type=\"text\/javascript\">\n         jQuery(document).ready(function($) {\n            jQuery.call_match_height_75 = function call_match_height_design1(ptp_id) {\n                                $( ptp_id+' .ptp-plan' ).matchHeight(false); \n                                $( ptp_id+' .ptp-cta' ).matchHeight(false); \n                                $( ptp_id+' .ptp-price' ).matchHeight(false);\n                                $( ptp_id+' .ptp-button' ).matchHeight(false);\n\n                                $( ptp_id+' .ptp-bullet-item' ).each(function( index ){\n                                    $( ptp_id+' .ptp-row-id-'+index ).matchHeight(false);\n             \n                                });  \n                         }\n            var ptp_id = '#ptp-'+75 ;\n            $.call_match_height_75 ( ptp_id );              \n         });\n      <\/script>\n      \n        <div id=\"ptp-75\" class=\"ptp-pricing-table\" ><div class=\"ptp-col ptp-six-col  ptp-col-id-0 dh-ptp-col-id-0\"><div class=\"ptp-not-most-popular\">&nbsp;<\/div><div class=\"ptp-item-container\"><div class=\"ptp-plan\">Free<\/div><div class=\"ptp-price\">$ 0,00 \/ month<\/div><div class=\"ptp-bullet-item ptp-row-id-0\"><strong>5.000<\/strong> Emails envios\r<\/div><div class=\"ptp-bullet-item ptp-row-id-1\"><strong>Gratuito Setup<\/strong>\r<\/div><div class=\"ptp-bullet-item ptp-row-id-2\"><strong>Asistencia t\u00e9cnica gratuita<\/strong><\/div><div class=\"ptp-cta\"><a class=\"ptp-button ptp-checkout-button\" id=\"ptp-75-cta-0\"  href=\"https:\/\/app.mformulamail.com\/subscriptions\/register\/58bd48f91fcab\" >Contratar<\/a><\/div><\/div><\/div><div class=\"ptp-col ptp-six-col  ptp-col-id-1 dh-ptp-col-id-1\"><div class=\"ptp-not-most-popular\">&nbsp;<\/div><div class=\"ptp-item-container\"><div class=\"ptp-plan\">Plan A<\/div><div class=\"ptp-price\">$ 10,00 \/ month<\/div><div class=\"ptp-bullet-item ptp-row-id-0\"><strong>25.000<\/strong> Emails envios por mes\r<\/div><div class=\"ptp-bullet-item ptp-row-id-1\"><strong>Gratuito Setup<\/strong>\r<\/div><div class=\"ptp-bullet-item ptp-row-id-2\"><strong>Asistencia t\u00e9cnica gratuita<\/strong><\/div><div class=\"ptp-cta\"><a class=\"ptp-button ptp-checkout-button\" id=\"ptp-75-cta-1\"  href=\"https:\/\/app.mformulamail.com\/subscriptions\/register\/58bd48f92088f\" >Contratar<\/a><\/div><\/div><\/div><div class=\"ptp-col ptp-six-col  ptp-col-id-2 dh-ptp-col-id-2\"><div class=\"ptp-not-most-popular\">&nbsp;<\/div><div class=\"ptp-item-container\"><div class=\"ptp-plan\">Plan B<\/div><div class=\"ptp-price\">$ 20,00 \/ month<\/div><div class=\"ptp-bullet-item ptp-row-id-0\"><strong>70.000<\/strong> Emails envios por mes\r<\/div><div class=\"ptp-bullet-item ptp-row-id-1\"><strong>Gratuito Setup<\/strong>\r<\/div><div class=\"ptp-bullet-item ptp-row-id-2\"><strong>Asistencia t\u00e9cnica gratuita<\/strong><\/div><div class=\"ptp-cta\"><a class=\"ptp-button ptp-checkout-button\" id=\"ptp-75-cta-2\"  href=\"https:\/\/app.mformulamail.com\/subscriptions\/register\/58bd4b4d0d4c3\" >Contratar<\/a><\/div><\/div><\/div><div class=\"ptp-col ptp-six-col ptp-highlight ptp-col-id-3 dh-ptp-col-id-3\"><div class=\"ptp-most-popular\">Most Popular<\/div><div class=\"ptp-item-container\"><div class=\"ptp-plan\">Plan C<\/div><div class=\"ptp-price\">$ 40,00 \/ month<\/div><div class=\"ptp-bullet-item ptp-row-id-0\"><strong>105.000<\/strong> Emails envios por mes\r<\/div><div class=\"ptp-bullet-item ptp-row-id-1\"><strong>Gratuito Setup<\/strong>\r<\/div><div class=\"ptp-bullet-item ptp-row-id-2\"><strong>Asistencia t\u00e9cnica gratuita<\/strong><\/div><div class=\"ptp-cta\"><a class=\"ptp-button ptp-checkout-button\" id=\"ptp-75-cta-3\"  href=\"https:\/\/app.mformulamail.com\/subscriptions\/register\/5efcebc75c9fd\" >Contratar<\/a><\/div><\/div><\/div><div class=\"ptp-col ptp-six-col  ptp-col-id-4 dh-ptp-col-id-4\"><div class=\"ptp-not-most-popular\">&nbsp;<\/div><div class=\"ptp-item-container\"><div class=\"ptp-plan\">Plan D<\/div><div class=\"ptp-price\">$ 75,00 \/ month<\/div><div class=\"ptp-bullet-item ptp-row-id-0\"><strong>220.000<\/strong> Emails envios por mes\r<\/div><div class=\"ptp-bullet-item ptp-row-id-1\"><strong>Gratuito Setup<\/strong>\r<\/div><div class=\"ptp-bullet-item ptp-row-id-2\"><strong>Asistencia t\u00e9cnica gratuita<\/strong><\/div><div class=\"ptp-cta\"><a class=\"ptp-button ptp-checkout-button\" id=\"ptp-75-cta-4\"  href=\"https:\/\/app.mformulamail.com\/subscriptions\/register\/5efcec412d269\" >Contratar<\/a><\/div><\/div><\/div><div class=\"ptp-col ptp-six-col  ptp-col-id-5 dh-ptp-col-id-5\"><div class=\"ptp-not-most-popular\">&nbsp;<\/div><div class=\"ptp-item-container\"><div class=\"ptp-plan\">Plan E<\/div><div class=\"ptp-price\">$ 220,00 \/ month<\/div><div class=\"ptp-bullet-item ptp-row-id-0\"><strong>370.000<\/strong> Emails envios por mes\r<\/div><div class=\"ptp-bullet-item ptp-row-id-1\"><strong>Gratuito Setup<\/strong>\r<\/div><div class=\"ptp-bullet-item ptp-row-id-2\"><strong>Asistencia t\u00e9cnica gratuita<\/strong><\/div><div class=\"ptp-cta\"><a class=\"ptp-button ptp-checkout-button\" id=\"ptp-75-cta-5\"  href=\"https:\/\/app.mformulamail.com\/subscriptions\/register\/5efcec913caae\" >Contratar<\/a><\/div><\/div><\/div><\/div><\/p>\n<\/td>\n<\/tr>\n<\/tbody>\n<\/table>\n<p>&nbsp;<\/p>\n<p>&nbsp;<\/p>\n<p><strong>Recursos del Sistema<\/strong><\/p>\n<p><img decoding=\"async\" style=\"vertical-align: middle;\" src=\"..\/wp-content\/uploads\/icon_ok.png\" alt=\"\" \/> Administrar Boletines<br \/>\n<img decoding=\"async\" style=\"vertical-align: middle;\" src=\"..\/wp-content\/uploads\/icon_ok.png\" alt=\"\" \/> Programaci\u00f3n de las entregas<br \/>\n<img decoding=\"async\" style=\"vertical-align: middle;\" src=\"..\/wp-content\/uploads\/icon_ok.png\" alt=\"\" \/> Boletines Historia<br \/>\n<img decoding=\"async\" style=\"vertical-align: middle;\" src=\"..\/wp-content\/uploads\/icon_ok.png\" alt=\"\" \/> Administrar Autorespondedores<br \/>\n<img decoding=\"async\" style=\"vertical-align: middle;\" src=\"..\/wp-content\/uploads\/icon_ok.png\" alt=\"\" \/> Administrar contra Clics y visitas<br \/>\n<img decoding=\"async\" style=\"vertical-align: middle;\" src=\"..\/wp-content\/uploads\/icon_ok.png\" alt=\"\" \/> Administrar archivos adjuntos<br \/>\n<img decoding=\"async\" style=\"vertical-align: middle;\" src=\"..\/wp-content\/uploads\/icon_ok.png\" alt=\"\" \/> Administrar plantillas<br \/>\n<img decoding=\"async\" style=\"vertical-align: middle;\" src=\"..\/wp-content\/uploads\/icon_ok.png\" alt=\"\" \/> Completa General de Estad\u00c3\u00adstica<br \/>\n<img decoding=\"async\" style=\"vertical-align: middle;\" src=\"..\/wp-content\/uploads\/icon_ok.png\" alt=\"\" \/> Administrar e-mails<br \/>\n<img decoding=\"async\" style=\"vertical-align: middle;\" src=\"..\/wp-content\/uploads\/icon_ok.png\" alt=\"\" \/> Importaci\u00f3n y Exportaci\u00f3n e-mails<br \/>\n<img decoding=\"async\" style=\"vertical-align: middle;\" src=\"..\/wp-content\/uploads\/icon_ok.png\" alt=\"\" \/> Los e-mails que vienen de vuelta con errores se desactiva autom\u00e1ticamente<br \/>\n<img decoding=\"async\" style=\"vertical-align: middle;\" src=\"..\/wp-content\/uploads\/icon_ok.png\" alt=\"\" \/> Administrar listas de grupos<br \/>\n<img decoding=\"async\" style=\"vertical-align: middle;\" src=\"..\/wp-content\/uploads\/icon_ok.png\" alt=\"\" \/> Administrar listas de Prop\u00f3sito<br \/>\n<img decoding=\"async\" style=\"vertical-align: middle;\" src=\"..\/wp-content\/uploads\/icon_ok.png\" alt=\"\" \/> Administrar formularios<br \/>\n<img decoding=\"async\" style=\"vertical-align: middle;\" src=\"..\/wp-content\/uploads\/icon_ok.png\" alt=\"\" \/> Administrar las normas<br \/>\n<img decoding=\"async\" style=\"vertical-align: middle;\" src=\"..\/wp-content\/uploads\/icon_ok.png\" alt=\"\" \/> Editor HTML WYSIWYG<\/p>\n<p>&nbsp;<\/p>\n<p><strong>Servicios Adicionales<\/strong><br \/>\nCreaci\u00f3n de Dise\u00f1o campa\u00f1a de Email marketing \/ 1 por mes 96.33 \u20ac<br \/>\nCreaci\u00f3n de Dise\u00f1o campa\u00f1a de Email marketing \/ 2 por mes 173.39 \u20ac<br \/>\nCreaci\u00f3n de Dise\u00f1o campa\u00f1a de Email marketing \/ 4 por mes 245.63 \u20ac<\/p>\n<p>&nbsp;<\/p>\n<p>Advertencia: Est\u00e1 prohibido enviar SPAM en nuestros servidores. El uso de esta pr\u00e1ctica resultar\u00e1 en la cancelaci\u00f3n del servicio. No vendemos listas de correos electr\u00f3nicos.<\/p>","protected":false},"excerpt":{"rendered":"<p>&nbsp; &nbsp; Recursos del Sistema Administrar Boletines Programaci\u00f3n de las entregas Boletines Historia Administrar Autorespondedores Administrar contra Clics y visitas Administrar archivos adjuntos Administrar plantillas Completa General de Estad\u00c3\u00adstica Administrar e-mails Importaci\u00f3n y Exportaci\u00f3n e-mails Los e-mails que vienen de vuelta con errores se desactiva autom\u00e1ticamente Administrar listas de grupos Administrar listas de Prop\u00f3sito Administrar [&hellip;]<\/p>\n","protected":false},"author":1,"featured_media":0,"parent":0,"menu_order":3,"comment_status":"closed","ping_status":"closed","template":"","meta":{"footnotes":""},"class_list":["post-6","page","type-page","status-publish","hentry"],"aioseo_notices":[],"amp_enabled":true,"_links":{"self":[{"href":"https:\/\/www.mformulamail.com\/es\/wp-json\/wp\/v2\/pages\/6","targetHints":{"allow":["GET"]}}],"collection":[{"href":"https:\/\/www.mformulamail.com\/es\/wp-json\/wp\/v2\/pages"}],"about":[{"href":"https:\/\/www.mformulamail.com\/es\/wp-json\/wp\/v2\/types\/page"}],"author":[{"embeddable":true,"href":"https:\/\/www.mformulamail.com\/es\/wp-json\/wp\/v2\/users\/1"}],"replies":[{"embeddable":true,"href":"https:\/\/www.mformulamail.com\/es\/wp-json\/wp\/v2\/comments?post=6"}],"version-history":[{"count":45,"href":"https:\/\/www.mformulamail.com\/es\/wp-json\/wp\/v2\/pages\/6\/revisions"}],"predecessor-version":[{"id":217,"href":"https:\/\/www.mformulamail.com\/es\/wp-json\/wp\/v2\/pages\/6\/revisions\/217"}],"wp:attachment":[{"href":"https:\/\/www.mformulamail.com\/es\/wp-json\/wp\/v2\/media?parent=6"}],"curies":[{"name":"wp","href":"https:\/\/api.w.org\/{rel}","templated":true}]}}