{"id":36,"date":"2015-09-12T15:52:21","date_gmt":"2015-09-12T15:52:21","guid":{"rendered":"http:\/\/localhost:81\/wordpress2\/?page_id=36"},"modified":"2023-04-26T12:57:44","modified_gmt":"2023-04-26T12:57:44","slug":"contato","status":"publish","type":"page","link":"https:\/\/www.mformulamail.com\/es\/contato\/","title":{"rendered":"Contacto"},"content":{"rendered":"<p><strong>Formulario<\/strong><\/p>\n\r\n<!-- START JS for Form ID: 99 -->\r\n<script type=\"text\/javascript\">\r\njQuery(document).ready(function($) {\r\n\r\n    jQuery(\"#preloader-zfbqgf\").fadeOut(500, function() {\r\n        jQuery(\"#ecf-form-zfbqgf\").fadeIn(100);\r\n    });\r\n\r\n    Ladda.bind('.ladda-button');\r\n\r\n    $(function() {\r\n\r\n        \r\n        \/* Validation *\/\r\n        $(\"#form-zfbqgf\").validate({\r\n            \/* Rules for form validation *\/\r\n            rules: {\r\n                name0:{required: true},email1:{required: true,email: true},text2:{required: true},message3:{required: true,minlength: 10},\r\n\r\n                            },\r\n            \/* Messages for form validation *\/\r\n            messages: {\r\n                name0:{required: \"This field is required\"},email1:{required: \"This field is required\"},text2:{required: \"This field is required\"},message3:{required: \"This field is required\"}            },\r\n            \/* Do not change code below *\/\r\n            errorPlacement: function(error, element) {\r\n                error.insertAfter(element.parent());\r\n            },\r\n\r\n            submitHandler: function(form) {\r\n                                ecf_onsubmit(jQuery('.form-zfbqgf'));\r\n\r\n                \r\n            },\r\n\r\n            invalidHandler: function(form) {\r\n                Ladda.stopAll();\r\n            },\r\n\r\n            onkeyup: false,\r\n            onfocusout: false,\r\n            onclick: false\r\n\r\n        });\r\n    });\r\n\r\n\r\n    \/* Form Submit ( Ajax ) *\/\r\n    function ecf_onsubmit(form) {\r\n\r\n        if (form.attr('action') == '#') {\r\n\r\n            data = {};\r\n            eldat = [];\r\n            data['action'] = 'ecf_deliver_mail';\r\n            data['formid'] = '99';\r\n            data['security'] = '9854429c06';\r\n\r\n\r\n            \r\n            jQuery('input, textarea', form).each(function(key) {\r\n\r\n                items = {};\r\n\r\n                if (typeof $(this).data('type') === 'undefined') {\r\n                    return true;\r\n                }\r\n\r\n\r\n                \r\n                items['type'] = $(this).data('type');\r\n                items['label'] = $(this).data('label');\r\n                items['value'] = this.value;\r\n                items['name'] = this.name;\r\n\r\n                eldat.push(items);\r\n\r\n            });\r\n\r\n\r\n                        data['allelmnt'] = eldat;\r\n\r\n            submitForm();\r\n\r\n            return false;\r\n\r\n        }\r\n\r\n    }\r\n\r\n    \/* Start submitForm\t *\/\r\n    function submitForm() {\r\n\r\n        jQuery.ajax({\r\n            url: 'https:\/\/www.mformulamail.com\/wp-admin\/admin-ajax.php',\r\n            type: 'POST',\r\n            dataType: 'json',\r\n            data: data,\r\n            success: function(data) {\r\n\r\n                if (data.Ok == true) {\r\n\r\n                    $(\"#form-zfbqgf\").get(0).reset();\r\n\r\n                    if (data.msg == 'redirect') {\r\n                        window.location = \"http:\/\/\";\r\n                    } else {\r\n                        notifyme('Your Message Submitted Successfully', 'n', 'success',\r\n                            'left middle');\r\n                    }\r\n\r\n                } else {\r\n                    notifyme(data.msg, 'n', 'error', 'left middle');\r\n                }\r\n\r\n                Ladda.stopAll();\r\n\r\n            }\r\n        });\r\n\r\n        \r\n    }\r\n\r\n\r\n    \/* Notify *\/\r\n    function notifyme(msg, b, typ, pos) {\r\n        if (b == 'n') {\r\n            b = 'cf-submittedzfbqgf';\r\n        } else {\r\n            b = 'atczfbqgf';\r\n        }\r\n\r\n        $(\"#\" + b).gnotify(msg, {\r\n            style: \"nbootstrap\",\r\n            elementPosition: pos,\r\n            className: typ\r\n        });\r\n\r\n        msg = null;\r\n        typ = null;\r\n\r\n    }\r\n\r\n});\r\n<\/script>\r\n<!-- END JS for Form ID: 99 -->\r\n\r\n<!-- START Form Markup for Form ID: 99 -->\r\n<div id=\"preloader-zfbqgf\" class=\"ecfpreloader\"><\/div>\r\n<div id=\"ecf-form-zfbqgf\" class=\"ecf-body\">\r\n    <form method=\"post\" enctype=\"multipart\/form-data\" action=\"#\" id=\"form-zfbqgf\" class=\"ecf-form form-zfbqgf\">\r\n        <header>Cont\u00e1ctenos<\/header>        <fieldset>\r\n            <section><label class=\"label\">Nombre \/ Empresa<\/label><label class=\"input\"><input data-type=\"name\" data-label=\"Nombre \/ Empresa\" id=\"name0\" type=\"text\" name=\"name0\" \/><\/label><\/section><section><label class=\"label\">Email<\/label><label class=\"input\"><input data-type=\"email\" data-label=\"Email\" id=\"email1\" type=\"text\" name=\"email1\" \/><\/label><\/section><section><label class=\"label\">Asunto<\/label><label class=\"input\"><input data-type=\"text\" data-label=\"Asunto\" id=\"text2\" type=\"text\" name=\"text2\" \/><\/label><\/section><section><label class=\"label\">Mensaje<\/label><label class=\"textarea\"><textarea data-type=\"message\" data-label=\"Mensaje\" id=\"message3\" name=\"message3\" rows=\"7\"><\/textarea><\/label><\/section>        <\/fieldset>\r\n        <footer>\r\n            <button data-style=\"slide-down\" id=\"cf-submittedzfbqgf\" class=\"ecfbutton ladda-button\" type=\"submit\" name=\"cf-submittedzfbqgf\"><span class=\"ladda-label\">SEND<\/span><\/button>\r\n        <\/footer>\r\n    <\/form>\r\n\r\n    \r\n<\/div>\r\n<!-- END Form Markup for Form ID: 99 -->\r\n\r\n\r\n\t\t\t\t\n<hr \/>\n<p><strong>Web Conferencia \/ Web Reuni\u00f3n <span class=\"textoblack\">Lunes ~ Viernes (9:00hs ~ 18:00hs)<\/span><\/strong><\/p>\n<p><a href=\"https:\/\/www.mformula.net\/webconference\/\" target=\"_blank\" rel=\"noopener noreferrer\"><img decoding=\"async\" src=\"https:\/\/www.mformula.net\/images\/button_webconference_es.jpg\" alt=\"\" border=\"0\" \/><\/a><\/p>\n<hr \/>\n<p><strong>Apoyar Online <span class=\"textoblack\">Lunes ~ Viernes (9:00hs ~ 18:00hs)<\/span><br \/>\n<\/strong><br \/>\n<script type=\"text\/javascript\" src=\"https:\/\/www.mformula.net\/livehelp\/php\/app.php?widget-init-inline.js&amp;_lang=es\"><\/script><\/p>\n<hr \/>\n<p><strong>Skype <span class=\"textoblack\">Lunes ~ Viernes (9:00hs ~ 18:00hs)<\/span><br \/>\n<\/strong><br \/>\n<a href=\"skype:mformulanet?add\"><img loading=\"lazy\" decoding=\"async\" style=\"border: none;\" src=\"http:\/\/download.skype.com\/share\/skypebuttons\/buttons\/add_blue_transparent_118x23.png\" alt=\"Add me to Skype\" width=\"118\" height=\"23\" \/><\/a> <a href=\"skype:mformulanet?call\"><img loading=\"lazy\" decoding=\"async\" style=\"border: none;\" src=\"http:\/\/download.skype.com\/share\/skypebuttons\/buttons\/call_blue_transparent_70x23.png\" alt=\"Call me!\" width=\"70\" height=\"23\" \/><\/a><\/p>\n<hr \/>\n<p><strong>Por Tel\u00e9fono<\/strong><\/p>\n<p><strong>WhatsApp:<\/strong><br \/>\nLunes ~ Viernes (9:00hs ~ 18:00hs)<br \/>\n+55 11 95849-3451<\/p>\n<p><strong>S\u00e3o Paulo, SP, Brazil:<\/strong><br \/>\nLunes ~ Viernes (9:00hs ~ 18:00hs)<br \/>\nTel.: +55 (11) 3230-6255 (Portugu\u00eas &#8211; Espa\u00f1ol &#8211; English)<\/p>\n<p><strong>Porto Alegre, RS, Brasil:<\/strong><br \/>\nLunes ~ Viernes (9:00hs ~ 18:00hs)<br \/>\nTel.: +55 (51) 4042-0269(Portugu\u00eas &#8211; Espa\u00f1ol &#8211; English)<\/p>\n<p><strong>Rio de Janeiro, RJ, Brasil:<\/strong><br \/>\nLunes ~ Viernes (9:00hs ~ 18:00hs)<br \/>\nTel.: +55 (21) 4042-8556 (Portugu\u00eas &#8211; Espa\u00f1ol &#8211; English)<\/p>\n<p><strong>Los Angeles, CA &#8211; USA:<\/strong><br \/>\nTel.: +1 213 985 3092 (Portugu\u00eas &#8211; Espa\u00f1ol &#8211; English)<\/p>\n<p>excepto festivos<\/p>","protected":false},"excerpt":{"rendered":"<p>Formulario Web Conferencia \/ Web Reuni\u00f3n Lunes ~ Viernes (9:00hs ~ 18:00hs) Apoyar Online Lunes ~ Viernes (9:00hs ~ 18:00hs) Skype Lunes ~ Viernes (9:00hs ~ 18:00hs) Por Tel\u00e9fono WhatsApp: Lunes ~ Viernes (9:00hs ~ 18:00hs) +55 11 95849-3451 S\u00e3o Paulo, SP, Brazil: Lunes ~ Viernes (9:00hs ~ 18:00hs) Tel.: +55 (11) 3230-6255 (Portugu\u00eas &#8211; [&hellip;]<\/p>\n","protected":false},"author":1,"featured_media":0,"parent":0,"menu_order":9,"comment_status":"closed","ping_status":"closed","template":"","meta":{"footnotes":""},"class_list":["post-36","page","type-page","status-publish","hentry"],"aioseo_notices":[],"amp_enabled":true,"_links":{"self":[{"href":"https:\/\/www.mformulamail.com\/es\/wp-json\/wp\/v2\/pages\/36","targetHints":{"allow":["GET"]}}],"collection":[{"href":"https:\/\/www.mformulamail.com\/es\/wp-json\/wp\/v2\/pages"}],"about":[{"href":"https:\/\/www.mformulamail.com\/es\/wp-json\/wp\/v2\/types\/page"}],"author":[{"embeddable":true,"href":"https:\/\/www.mformulamail.com\/es\/wp-json\/wp\/v2\/users\/1"}],"replies":[{"embeddable":true,"href":"https:\/\/www.mformulamail.com\/es\/wp-json\/wp\/v2\/comments?post=36"}],"version-history":[{"count":15,"href":"https:\/\/www.mformulamail.com\/es\/wp-json\/wp\/v2\/pages\/36\/revisions"}],"predecessor-version":[{"id":204,"href":"https:\/\/www.mformulamail.com\/es\/wp-json\/wp\/v2\/pages\/36\/revisions\/204"}],"wp:attachment":[{"href":"https:\/\/www.mformulamail.com\/es\/wp-json\/wp\/v2\/media?parent=36"}],"curies":[{"name":"wp","href":"https:\/\/api.w.org\/{rel}","templated":true}]}}