{"id":42,"date":"2015-09-12T16:09:20","date_gmt":"2015-09-12T16:09:20","guid":{"rendered":"http:\/\/localhost:81\/wordpress2\/?page_id=42"},"modified":"2019-12-23T21:47:11","modified_gmt":"2019-12-23T21:47:11","slug":"empresa","status":"publish","type":"page","link":"https:\/\/www.mformulamail.com\/de\/empresa\/","title":{"rendered":"Gesellschaft"},"content":{"rendered":"<p>Mit seiner Berufserfahrung auf diesem Markt seit 1997 hat er seine T\u00e4tigkeit 2005\/2006 aufgenommen. Seine Arbeitsphilosophie ist es, mit gro\u00dfartigen Ergebnissen zu produzieren, den besten Kostenvorteil zu bieten, das Profil des Kunden auszudr\u00fccken, Marktziele zu erreichen und seinen Kunden, seine Partner, zu sch\u00e4tzen und Lieferanten.<\/p>\n<p>Marktanalyse, Herausforderungen und innovative L\u00f6sungen sind einige der Instrumente, um das beste Ergebnis f\u00fcr unsere Kunden zu erzielen.<\/p>\n<p><strong> Mission <\/ strong><\/p>\n<p>Bieten Sie L\u00f6sungen an, deren Ergebnisse auf Technologie, Wissen, Strategie und Beziehungen beruhen, ohne dass dabei Kultur, Zoll und Mitarbeiter beeintr\u00e4chtigt werden.<br \/>\nSch\u00e4tzen Sie Ihre Mitarbeiter, Kunden und Lieferanten.<br \/>\nKonzentrieren Sie sich auf die Suche nach Neuheiten in Bezug auf Technologietrends auf dem nationalen und internationalen Markt.<\/p>\n<p><strong> Vision <\/ strong><\/p>\n<p>Investieren Sie in die Entwicklung in die Arbeit und Strategie, um den Erfolg unserer Organisation zu erreichen.<br \/>\nWeltweite Referenz in Qualit\u00e4t, Service und Technologie zu sein.<br \/>\nAls innovatives Unternehmen anerkannt sein.<br \/>\nSeien Sie der Beste in Ihren Produkten und Dienstleistungen, die die Erwartungen Ihrer Kunden erf\u00fcllen oder \u00fcbertreffen.<\/p>\n<p><strong> Zukunftsvision <\/ strong><\/p>\n<p>Nachhaltigkeit &#8211; Qualit\u00e4t, Innovation und Ergebnisse<br \/>\nQualit\u00e4t &#8211; bei Produkten und Dienstleistungen<br \/>\nInnovation &#8211; In Produkten, Prozessen und Management<br \/>\nErgebnis &#8211; f\u00fcr Expansion und Nachhaltigkeit sorgen<\/p>\n<p><strong> Werte <\/ strong><\/p>\n<p>Leute<br \/>\nRespekt, Disziplin, Organisation, Ethik und Transparenz<br \/>\nVerwandte Suchvorg\u00e4nge<br \/>\nBeziehungen<br \/>\nSoziale und \u00f6kologische Verantwortung<br \/>\nInnovation und Exzellenz<br \/>\nErgebnisse<br \/>\nLeidenschaft \/ Liebe \/ Frieden<br \/>\n\u00dcber uns<\/p>\n<p><strong> Differentiale <\/ strong><\/p>\n<p>Kundendienst<br \/>\n\u00dcber uns<br \/>\nTechnologie und Innovation<br \/>\nWissen und Erfahrung<br \/>\nErgebnis zuerst<br \/>\nSupport und After Sales<\/p>","protected":false},"excerpt":{"rendered":"<p>Mit seiner Berufserfahrung auf diesem Markt seit 1997 hat er seine T\u00e4tigkeit 2005\/2006 aufgenommen. Seine Arbeitsphilosophie ist es, mit gro\u00dfartigen Ergebnissen zu produzieren, den besten Kostenvorteil zu bieten, das Profil des Kunden auszudr\u00fccken, Marktziele zu erreichen und seinen Kunden, seine Partner, zu sch\u00e4tzen und Lieferanten. Marktanalyse, Herausforderungen und innovative L\u00f6sungen sind einige der Instrumente, um [&hellip;]<\/p>\n","protected":false},"author":1,"featured_media":0,"parent":0,"menu_order":1,"comment_status":"closed","ping_status":"closed","template":"","meta":{"footnotes":""},"class_list":["post-42","page","type-page","status-publish","hentry"],"aioseo_notices":[],"amp_enabled":true,"_links":{"self":[{"href":"https:\/\/www.mformulamail.com\/de\/wp-json\/wp\/v2\/pages\/42","targetHints":{"allow":["GET"]}}],"collection":[{"href":"https:\/\/www.mformulamail.com\/de\/wp-json\/wp\/v2\/pages"}],"about":[{"href":"https:\/\/www.mformulamail.com\/de\/wp-json\/wp\/v2\/types\/page"}],"author":[{"embeddable":true,"href":"https:\/\/www.mformulamail.com\/de\/wp-json\/wp\/v2\/users\/1"}],"replies":[{"embeddable":true,"href":"https:\/\/www.mformulamail.com\/de\/wp-json\/wp\/v2\/comments?post=42"}],"version-history":[{"count":7,"href":"https:\/\/www.mformulamail.com\/de\/wp-json\/wp\/v2\/pages\/42\/revisions"}],"predecessor-version":[{"id":172,"href":"https:\/\/www.mformulamail.com\/de\/wp-json\/wp\/v2\/pages\/42\/revisions\/172"}],"wp:attachment":[{"href":"https:\/\/www.mformulamail.com\/de\/wp-json\/wp\/v2\/media?parent=42"}],"curies":[{"name":"wp","href":"https:\/\/api.w.org\/{rel}","templated":true}]}}